{"id":1580,"date":"2018-11-21T08:58:24","date_gmt":"2018-11-21T08:58:24","guid":{"rendered":"https:\/\/www.premium-sas.com\/?page_id=1580"},"modified":"2024-07-15T14:33:45","modified_gmt":"2024-07-15T14:33:45","slug":"protection-des-donnees-personnelles","status":"publish","type":"page","link":"https:\/\/www.ernest-turc.com\/boutique\/protection-des-donnees-personnelles\/","title":{"rendered":"Politique de protection des donn\u00e9es personnelles"},"content":{"rendered":"<p>La SAS ERNEST TURC est le responsable du traitement de vos donn\u00e9es personnelles collect\u00e9es sur le site www.ernest-turc.com (le \u00ab Site \u00bb). La SAS ERNEST TURC met tout en \u0153uvre pour prot\u00e9ger au mieux votre vie priv\u00e9e lors de vos visites sur notre site.<\/p>\n<p><strong>Quelles sont les donn\u00e9es que nous collectons ?<\/strong><\/p>\n<p>&#8211; Les donn\u00e9es que vous nous transmettez volontairement<\/p>\n<p>Au moment de votre inscription, lorsque vous remplissez notre formulaire pour passer une commande ou demander un catalogue, la SAS ERNEST TURC recueille les informations personnelles vous concernant et que vous avez accept\u00e9 de nous communiquer. Les informations personnelles incluent notamment votre adresse email, noms, pr\u00e9noms, adresse postale, num\u00e9ros de t\u00e9l\u00e9phone, que vous pouvez laisser sur le site \u00e0 la suite de votre commande. Nous n\u2019avons pas acc\u00e8s \u00e0 vos coordonn\u00e9es bancaires.<\/p>\n<p>\u00a0&#8211; Vos donn\u00e9es de navigation<\/p>\n<p>Lorsque vous naviguez sur notre site, La SAS ERNEST TURC recueille des informations li\u00e9es \u00e0 votre session de navigation. Sont ainsi collect\u00e9es : vos demandes d\u2019alerte disponibilit\u00e9, de devis, de catalogue, de contact, ouverture des newsletters. Lorsque vous naviguez sur le site, La SAS ERNEST TURC associe \u00e0 vos appareils un identifiant unique et recueille l\u2019information li\u00e9e au navigateur ou au syst\u00e8me d\u2019exploitation que vous utilisez (Apple ou Andro\u00efd), ainsi que sa version. La SAS ERNEST TURC utilise enfin des cookies pour stocker des informations et y acc\u00e9der afin d\u2019am\u00e9liorer votre exp\u00e9rience de navigation sur le site.<\/p>\n<p><strong>Que faisons-nous de vos donn\u00e9es ?<\/strong><\/p>\n<p>Les donn\u00e9es personnelles recueillies vous concernant font l\u2019objet d\u2019un traitement informatique pour les finalit\u00e9s suivantes :<\/p>\n<p>&#8211; Traitement de votre commande<\/p>\n<p>Lorsque vous avez pass\u00e9 commande sur le Site, les donn\u00e9es personnelles indispensables au traitement de votre commande sont communiqu\u00e9es \u00e0 notre entreprise et \u00e0 nos fournisseurs pour les produits exp\u00e9di\u00e9s depuis leur plateforme (mobilier ou serres par exemple). Par ailleurs, ces donn\u00e9es sont \u00e9galement trait\u00e9es pour le suivi de la relation client ainsi que pour les besoins comptables de la SAS ERNEST TURC (vos factures).<\/p>\n<p>\u00a0&#8211; Envoi de communications relatives au service propos\u00e9 par la SAS ERNEST TURC<\/p>\n<p>La SAS ERNEST TURC vous envoie plusieurs types d\u2019emails :<\/p>\n<p>Mails relatifs \u00e0 votre commande\u202f: confirmation de commande, ticket de r\u00e8glement, confirmation d\u2019exp\u00e9dition de commande, alerte de disponibilit\u00e9 d\u2019un produit, questionnaire de satisfaction.<\/p>\n<p>Newsletter SAS ERNEST TURC : si vous vous abonnez pour recevoir notre newsletter vous en recevrez 2 par mois en moyenne. Un lien de d\u00e9sabonnement est pr\u00e9sent sur toutes les newsletters afin de vous donner la libert\u00e9 d\u2019arr\u00eater les sollicitations \u00e0 tout moment.<\/p>\n<p>\u00a0&#8211; Analyses statistiques<\/p>\n<p>Les donn\u00e9es de vos commandes sont utilis\u00e9es pour \u00e9tablir des analyses statistiques qui nous permettent de piloter l\u2019activit\u00e9 commerciale de La SAS ERNEST TURC.<\/p>\n<p><strong>Vos donn\u00e9es sont-elles partag\u00e9es\u202f?<\/strong><\/p>\n<p>Si vous avez express\u00e9ment accept\u00e9 de recevoir les offres de nos partenaires, votre adresse email et\/ou les informations relatives \u00e0 votre inscription pourront leur \u00eatre transmis \u00e0 des fins de prospection commerciale (nom, pr\u00e9nom, adresse email et adresse postale uniquement). Nous ne vous proposerons que des communications avec des entreprises partenaires avec lesquelles nous partageons des valeurs communes et proches de notre secteur d\u2019activit\u00e9.<\/p>\n<p>La SAS ERNEST TURC s\u2019engage \u00e0 ce qu\u2019un lien de d\u00e9sabonnement soit pr\u00e9sent sur toutes les communications de ses partenaires, afin de vous donner la libert\u00e9 d\u2019arr\u00eater les envois \u00e0 tout moment. Vous avez la possibilit\u00e9 de ne plus recevoir aucune offre de la part des partenaires de La SAS ERNEST TURC dans votre compte client ou de nous en faire la demande \u00e0 contact@ernest-turc.fr<\/p>\n<p><strong>Combien de temps vos donn\u00e9es sont-elles conserv\u00e9es ?<\/strong><\/p>\n<p>Les donn\u00e9es personnelles que vous nous communiquez et relatives \u00e0 votre compte client, \u00e0 vos commandes, ainsi que vos donn\u00e9es de navigation sont conserv\u00e9es pendant une dur\u00e9e de 10 ans conform\u00e9ment aux lois applicables en mati\u00e8re fiscale et comptable.<\/p>\n<p>Au terme de ce d\u00e9lai, votre compte sera automatiquement d\u00e9sactiv\u00e9 et vous devrez en cr\u00e9er un nouveau.<\/p>\n<p>Si vous n\u2019avez jamais pass\u00e9 commande, vos donn\u00e9es seront supprim\u00e9es apr\u00e8s 3 ans \u00e0 compter de votre dernier contact.<\/p>\n<p><strong>Quelle est notre politique relative aux Cookies\u202f?<\/strong><\/p>\n<p>\u00a0Politique d\u2019utilisation des cookies sur le Site\u202f: La politique de cookies de SAS ERNEST TURC vous informe sur le fonctionnement et la finalit\u00e9 des cookies utilis\u00e9s par La SAS ERNEST TURC et vous indique comment g\u00e9rer vos choix par rapport \u00e0 ces cookies.<\/p>\n<p><strong>Qu\u2019est-ce qu\u2019un cookie ?<\/strong><\/p>\n<p>Un cookie est une donn\u00e9e qui est stock\u00e9e sur un ordinateur, tablette ou mobile, lorsque vous naviguez sur internet. Les cookies permettent au site Internet de reconna\u00eetre votre navigateur. Ils sont principalement utilis\u00e9s pour garder en m\u00e9moire vos choix et pr\u00e9f\u00e9rences. Ils ne causent aucun dommage \u00e0 votre appareil. Ils permettent par exemple de personnaliser les contenus que vous consultez. Vous avez \u00e9videmment la possibilit\u00e9 de d\u00e9sactiver ou d&#8217;emp\u00eacher le placement de ces cookies (consultez la rubrique &#8220;aide&#8221; de votre navigateur Internet pour param\u00e9trer ces fonctions).<\/p>\n<p><strong>Comment cela fonctionne-t-il sur SAS ERNEST TURC ?<\/strong><\/p>\n<p>Lorsque vous naviguez sur La SAS ERNEST TURC, vous nous autorisez, via un cookie de consentement, \u00e0 r\u00e9cup\u00e9rer des donn\u00e9es sur votre navigation. Ces donn\u00e9es sont ensuite utilis\u00e9es afin de r\u00e9aliser des statistiques et d\u2019am\u00e9liorer la navigation sur notre site. Les donn\u00e9es que nous collectons comprennent principalement les pages que vous consultez, ouvrez et quittez, le type de navigateur et support que vous utilisez, ainsi que des informations telles que le nombre de clics effectu\u00e9s sur une page donn\u00e9e. Ces donn\u00e9es collect\u00e9es demeurent anonymes et ne r\u00e9v\u00e8lent pas votre identit\u00e9.<\/p>\n<p>Les informations issues de ces cookies peuvent \u00eatre gard\u00e9es jusqu\u2019\u00e0 10 ans. Pour rappel, vous pouvez \u00e0 tout moment supprimer vos cookies (consultez la rubrique &#8220;aide&#8221; de votre navigateur Internet pour param\u00e9trer ces fonctions).<\/p>\n<p><strong>Comment g\u00e9rer vos choix en mati\u00e8re de cookies ?<\/strong><\/p>\n<p>Vous pouvez autoriser ou refuser l&#8217;enregistrement de cookies dans votre terminal gr\u00e2ce aux param\u00e8tres de votre logiciel de navigation sur Internet. La configuration de ces param\u00e8tres varie selon les navigateurs. Vous pouvez g\u00e9n\u00e9ralement trouver les instructions d\u00e9taill\u00e9es dans le menu Aide de votre navigateur ou en suivant les liens ci-dessous :<\/p>\n<p>\u00a0\u00a0\u00a0\u00a0\u00a0\u00a0\u00a0\u00a0\u00a0\u00a0\u00a0\u00a0\u00a0\u00a0 Pour Internet Explorer\u2122 : http:\/\/windows.microsoft.com\/fr-FR\/windows-vista\/Block-or-allow-cookies<\/p>\n<p>\u00a0\u00a0\u00a0\u00a0\u00a0\u00a0\u00a0\u00a0\u00a0\u00a0\u00a0\u00a0\u00a0\u00a0 Pour Safari\u2122 : http:\/\/support.apple.com\/kb\/PH5042<\/p>\n<p>\u00a0\u00a0\u00a0\u00a0\u00a0\u00a0\u00a0\u00a0\u00a0\u00a0\u00a0\u00a0\u00a0\u00a0 Pour Chrome\u2122 : http:\/\/support.google.com\/chrome\/bin\/answer.py?hl=fr&amp;hlrm=en&amp;answer=95647<\/p>\n<p>\u00a0\u00a0\u00a0\u00a0\u00a0\u00a0\u00a0\u00a0\u00a0\u00a0\u00a0\u00a0\u00a0\u00a0 Pour Firefox\u2122 : http:\/\/support.mozilla.org\/fr\/kb\/Activer%20et%20d%C3%A9sactiver%20les%20cookies<\/p>\n<p>\u00a0\u00a0\u00a0\u00a0\u00a0\u00a0\u00a0\u00a0\u00a0\u00a0\u00a0\u00a0\u00a0\u00a0 Pour Opera\u2122 : http:\/\/help.opera.com\/Windows\/10.20\/fr\/cookies.html<\/p>\n<p><strong>Comment vos donn\u00e9es sont-elles prot\u00e9g\u00e9es\u202f?<\/strong><\/p>\n<p>La SAS ERNEST TURC met en \u0153uvre toutes les mesures techniques et organisationnelles n\u00e9cessaires afin de prot\u00e9ger les donn\u00e9es personnelles que nous d\u00e9tenons contre tout acc\u00e8s, modification, destruction ou divulgation. Pour cela, nous avons notamment mis en place les mesures de s\u00e9curit\u00e9 suivantes :<\/p>\n<p>Notre r\u00e9seau informatique interne, nos serveurs, ainsi que le Site font l\u2019objet de mesures techniques qui nous permettent de garantir le plus haut degr\u00e9 de s\u00e9curisation de vos donn\u00e9es personnelles.<\/p>\n<p>Nous n&#8217;avons pas acc\u00e8s \u00e0 vos mots de passe ou donn\u00e9es de carte bancaire.<\/p>\n<p>L\u2019acc\u00e8s \u00e0 vos donn\u00e9es personnelles est strictement r\u00e9serv\u00e9 aux salari\u00e9s de la SAS ERNEST TURC, uniquement dans le cadre du traitement n\u00e9cessaire et pour lequel vous avez donn\u00e9 votre consentement.<\/p>\n<p>Toute intrusion ill\u00e9gale dans notre base de donn\u00e9es donne lieu \u00e0 une alerte imm\u00e9diate et \u00e0 la mise en place des actions n\u00e9cessaires.\u00a0\u00a0<\/p>\n<p><strong>Comment acc\u00e9der \u00e0 vos donn\u00e9es ou demander la suppression de votre compte ?<\/strong><\/p>\n<p>De nombreux droits sont mis \u00e0 votre disposition concernant vos donn\u00e9es personnelles :<\/p>\n<p>Droit d\u2019acc\u00e8s : vous avez la possibilit\u00e9 de demander une copie de vos donn\u00e9es personnelles en notre possession ;<\/p>\n<p>Droit d\u2019effacement ou de rectification : vous pouvez demander l\u2019effacement ou la rectification de vos donn\u00e9es personnelles jug\u00e9es erron\u00e9es ou obsol\u00e8tes. Vous avez la possibilit\u00e9 de modifier toutes les informations vous concernant directement sur votre compte SAS ERNEST TURC. Nous vous rappelons que nous pouvons conserver vos donn\u00e9es lorsque la loi l\u2019exige ou lorsque nous consid\u00e9rons que cela est l\u00e9gitime, notamment en cas de fraude ou violation de nos Conditions G\u00e9n\u00e9rales ;<\/p>\n<p>Droit d\u2019opposition : vous disposez du droit de vous opposer \u00e0 tout moment au traitement de vos donn\u00e9es personnelles ;<\/p>\n<p>Droit \u00e0 la limitation : vous avez la possibilit\u00e9 de limiter les traitements effectu\u00e9s sur vos donn\u00e9es personnelles. Nous vous rappelons que ce droit est applicable lorsque : vous contestez la v\u00e9racit\u00e9 de vos donn\u00e9es personnelles pendant le d\u00e9lai nous permettant de v\u00e9rifier l\u2019exactitude de vos donn\u00e9es ; en cas de traitement illicite de La SAS ERNEST TURC de vos donn\u00e9es personnelles et que vous exigez une limitation de vos donn\u00e9es ; vos donn\u00e9es personnelles sont encore n\u00e9cessaires pour la constatation, l\u2019exercice ou la d\u00e9fense de vos droits en justice mais que nous n\u2019utilisons plus.<\/p>\n<p>Droit \u00e0 la portabilit\u00e9 : vous disposez du droit de recevoir les donn\u00e9es personnelles et de transmettre vos donn\u00e9es personnelles \u00e0 un autre responsable de traitement.<\/p>\n<p>Pour exercer vos droits ou pour toute information compl\u00e9mentaire nous vous invitons \u00e0 nous contacter directement \u00e0 l\u2019adresse e-mail\u00a0 <a href=\"mailto:contact@ernest-turc.fr\">contact@ernest-turc.fr<\/a> , nous vous r\u00e9pondrons sous un mois.<\/p>\n<p>\u00a0Vous avez \u00e9galement la possibilit\u00e9 d\u2019introduire une r\u00e9clamation aupr\u00e8s de la CNIL, autorit\u00e9 de contr\u00f4le en France.<\/p>\n<p>Coordonn\u00e9es du d\u00e9l\u00e9gu\u00e9 \u00e0 la protection des donn\u00e9es\u202f: contact@ernest-turc.fr<\/p>\n","protected":false},"excerpt":{"rendered":"<p>La SAS ERNEST TURC est le responsable du traitement de vos donn\u00e9es personnelles collect\u00e9es sur le site www.ernest-turc.com (le \u00ab Site \u00bb). La SAS ERNEST TURC met tout en [&hellip;]<\/p>\n","protected":false},"author":2,"featured_media":0,"parent":0,"menu_order":0,"comment_status":"closed","ping_status":"closed","template":"","meta":{"_relevanssi_hide_post":"","_relevanssi_hide_content":"","_relevanssi_pin_for_all":"","_relevanssi_pin_keywords":"","_relevanssi_unpin_keywords":"","_relevanssi_related_keywords":"","_relevanssi_related_include_ids":"","_relevanssi_related_exclude_ids":"","_relevanssi_related_no_append":"","_relevanssi_related_not_related":"","_relevanssi_related_posts":"","_relevanssi_noindex_reason":"","footnotes":""},"class_list":["post-1580","page","type-page","status-publish","hentry"],"yoast_head":"<!-- This site is optimized with the Yoast SEO Premium plugin v25.2 (Yoast SEO v27.6) - https:\/\/yoast.com\/product\/yoast-seo-premium-wordpress\/ -->\n<title>Politique de protection des donn\u00e9es personnelles - Ernest TURC<\/title>\n<meta name=\"robots\" content=\"index, follow, max-snippet:-1, max-image-preview:large, max-video-preview:-1\" \/>\n<link rel=\"canonical\" href=\"https:\/\/www.ernest-turc.com\/boutique\/protection-des-donnees-personnelles\/\" \/>\n<meta property=\"og:locale\" content=\"fr_FR\" \/>\n<meta property=\"og:type\" content=\"article\" \/>\n<meta property=\"og:title\" content=\"Politique de protection des donn\u00e9es personnelles\" \/>\n<meta property=\"og:description\" content=\"La SAS ERNEST TURC est le responsable du traitement de vos donn\u00e9es personnelles collect\u00e9es sur le site www.ernest-turc.com (le \u00ab Site \u00bb). La SAS ERNEST TURC met tout en [&hellip;]\" \/>\n<meta property=\"og:url\" content=\"https:\/\/www.ernest-turc.com\/boutique\/protection-des-donnees-personnelles\/\" \/>\n<meta property=\"og:site_name\" content=\"Ernest TURC\" \/>\n<meta property=\"article:publisher\" content=\"https:\/\/www.facebook.com\/ErnestTURC49\" \/>\n<meta property=\"article:modified_time\" content=\"2024-07-15T14:33:45+00:00\" \/>\n<meta name=\"twitter:card\" content=\"summary_large_image\" \/>\n<meta name=\"twitter:label1\" content=\"Dur\u00e9e de lecture estim\u00e9e\" \/>\n\t<meta name=\"twitter:data1\" content=\"8 minutes\" \/>\n<script type=\"application\/ld+json\" class=\"yoast-schema-graph\">{\"@context\":\"https:\\\/\\\/schema.org\",\"@graph\":[{\"@type\":\"WebPage\",\"@id\":\"https:\\\/\\\/www.ernest-turc.com\\\/boutique\\\/protection-des-donnees-personnelles\\\/\",\"url\":\"https:\\\/\\\/www.ernest-turc.com\\\/boutique\\\/protection-des-donnees-personnelles\\\/\",\"name\":\"Politique de protection des donn\u00e9es personnelles - Ernest TURC\",\"isPartOf\":{\"@id\":\"https:\\\/\\\/www.ernest-turc.com\\\/boutique\\\/#website\"},\"datePublished\":\"2018-11-21T08:58:24+00:00\",\"dateModified\":\"2024-07-15T14:33:45+00:00\",\"breadcrumb\":{\"@id\":\"https:\\\/\\\/www.ernest-turc.com\\\/boutique\\\/protection-des-donnees-personnelles\\\/#breadcrumb\"},\"inLanguage\":\"fr-FR\",\"potentialAction\":[{\"@type\":\"ReadAction\",\"target\":[\"https:\\\/\\\/www.ernest-turc.com\\\/boutique\\\/protection-des-donnees-personnelles\\\/\"]}]},{\"@type\":\"BreadcrumbList\",\"@id\":\"https:\\\/\\\/www.ernest-turc.com\\\/boutique\\\/protection-des-donnees-personnelles\\\/#breadcrumb\",\"itemListElement\":[{\"@type\":\"ListItem\",\"position\":1,\"name\":\"Accueil\",\"item\":\"https:\\\/\\\/www.ernest-turc.com\\\/boutique\\\/\"},{\"@type\":\"ListItem\",\"position\":2,\"name\":\"Politique de protection des donn\u00e9es personnelles\"}]},{\"@type\":\"WebSite\",\"@id\":\"https:\\\/\\\/www.ernest-turc.com\\\/boutique\\\/#website\",\"url\":\"https:\\\/\\\/www.ernest-turc.com\\\/boutique\\\/\",\"name\":\"Ernest TURC\",\"description\":\"\",\"publisher\":{\"@id\":\"https:\\\/\\\/www.ernest-turc.com\\\/boutique\\\/#organization\"},\"potentialAction\":[{\"@type\":\"SearchAction\",\"target\":{\"@type\":\"EntryPoint\",\"urlTemplate\":\"https:\\\/\\\/www.ernest-turc.com\\\/boutique\\\/?s={search_term_string}\"},\"query-input\":{\"@type\":\"PropertyValueSpecification\",\"valueRequired\":true,\"valueName\":\"search_term_string\"}}],\"inLanguage\":\"fr-FR\"},{\"@type\":\"Organization\",\"@id\":\"https:\\\/\\\/www.ernest-turc.com\\\/boutique\\\/#organization\",\"name\":\"Boutique Ernest TURC\",\"alternateName\":\"Ernest TURC\",\"url\":\"https:\\\/\\\/www.ernest-turc.com\\\/boutique\\\/\",\"logo\":{\"@type\":\"ImageObject\",\"inLanguage\":\"fr-FR\",\"@id\":\"https:\\\/\\\/www.ernest-turc.com\\\/boutique\\\/#\\\/schema\\\/logo\\\/image\\\/\",\"url\":\"https:\\\/\\\/www.ernest-turc.com\\\/boutique\\\/wp-content\\\/uploads\\\/2020\\\/10\\\/logo.png\",\"contentUrl\":\"https:\\\/\\\/www.ernest-turc.com\\\/boutique\\\/wp-content\\\/uploads\\\/2020\\\/10\\\/logo.png\",\"width\":161,\"height\":161,\"caption\":\"Boutique Ernest TURC\"},\"image\":{\"@id\":\"https:\\\/\\\/www.ernest-turc.com\\\/boutique\\\/#\\\/schema\\\/logo\\\/image\\\/\"},\"sameAs\":[\"https:\\\/\\\/www.facebook.com\\\/ErnestTURC49\",\"https:\\\/\\\/www.instagram.com\\\/ernestturc\",\"https:\\\/\\\/www.linkedin.com\\\/company\\\/ernest-turc\\\/\",\"https:\\\/\\\/www.pinterest.fr\\\/ernestturc\",\"https:\\\/\\\/www.youtube.com\\\/channel\\\/UCH3ntWhy3mdcqw9-xF6pmEQ\"]}]}<\/script>\n<!-- \/ Yoast SEO Premium plugin. -->","yoast_head_json":{"title":"Politique de protection des donn\u00e9es personnelles - Ernest TURC","robots":{"index":"index","follow":"follow","max-snippet":"max-snippet:-1","max-image-preview":"max-image-preview:large","max-video-preview":"max-video-preview:-1"},"canonical":"https:\/\/www.ernest-turc.com\/boutique\/protection-des-donnees-personnelles\/","og_locale":"fr_FR","og_type":"article","og_title":"Politique de protection des donn\u00e9es personnelles","og_description":"La SAS ERNEST TURC est le responsable du traitement de vos donn\u00e9es personnelles collect\u00e9es sur le site www.ernest-turc.com (le \u00ab Site \u00bb). La SAS ERNEST TURC met tout en [&hellip;]","og_url":"https:\/\/www.ernest-turc.com\/boutique\/protection-des-donnees-personnelles\/","og_site_name":"Ernest TURC","article_publisher":"https:\/\/www.facebook.com\/ErnestTURC49","article_modified_time":"2024-07-15T14:33:45+00:00","twitter_card":"summary_large_image","twitter_misc":{"Dur\u00e9e de lecture estim\u00e9e":"8 minutes"},"schema":{"@context":"https:\/\/schema.org","@graph":[{"@type":"WebPage","@id":"https:\/\/www.ernest-turc.com\/boutique\/protection-des-donnees-personnelles\/","url":"https:\/\/www.ernest-turc.com\/boutique\/protection-des-donnees-personnelles\/","name":"Politique de protection des donn\u00e9es personnelles - Ernest TURC","isPartOf":{"@id":"https:\/\/www.ernest-turc.com\/boutique\/#website"},"datePublished":"2018-11-21T08:58:24+00:00","dateModified":"2024-07-15T14:33:45+00:00","breadcrumb":{"@id":"https:\/\/www.ernest-turc.com\/boutique\/protection-des-donnees-personnelles\/#breadcrumb"},"inLanguage":"fr-FR","potentialAction":[{"@type":"ReadAction","target":["https:\/\/www.ernest-turc.com\/boutique\/protection-des-donnees-personnelles\/"]}]},{"@type":"BreadcrumbList","@id":"https:\/\/www.ernest-turc.com\/boutique\/protection-des-donnees-personnelles\/#breadcrumb","itemListElement":[{"@type":"ListItem","position":1,"name":"Accueil","item":"https:\/\/www.ernest-turc.com\/boutique\/"},{"@type":"ListItem","position":2,"name":"Politique de protection des donn\u00e9es personnelles"}]},{"@type":"WebSite","@id":"https:\/\/www.ernest-turc.com\/boutique\/#website","url":"https:\/\/www.ernest-turc.com\/boutique\/","name":"Ernest TURC","description":"","publisher":{"@id":"https:\/\/www.ernest-turc.com\/boutique\/#organization"},"potentialAction":[{"@type":"SearchAction","target":{"@type":"EntryPoint","urlTemplate":"https:\/\/www.ernest-turc.com\/boutique\/?s={search_term_string}"},"query-input":{"@type":"PropertyValueSpecification","valueRequired":true,"valueName":"search_term_string"}}],"inLanguage":"fr-FR"},{"@type":"Organization","@id":"https:\/\/www.ernest-turc.com\/boutique\/#organization","name":"Boutique Ernest TURC","alternateName":"Ernest TURC","url":"https:\/\/www.ernest-turc.com\/boutique\/","logo":{"@type":"ImageObject","inLanguage":"fr-FR","@id":"https:\/\/www.ernest-turc.com\/boutique\/#\/schema\/logo\/image\/","url":"https:\/\/www.ernest-turc.com\/boutique\/wp-content\/uploads\/2020\/10\/logo.png","contentUrl":"https:\/\/www.ernest-turc.com\/boutique\/wp-content\/uploads\/2020\/10\/logo.png","width":161,"height":161,"caption":"Boutique Ernest TURC"},"image":{"@id":"https:\/\/www.ernest-turc.com\/boutique\/#\/schema\/logo\/image\/"},"sameAs":["https:\/\/www.facebook.com\/ErnestTURC49","https:\/\/www.instagram.com\/ernestturc","https:\/\/www.linkedin.com\/company\/ernest-turc\/","https:\/\/www.pinterest.fr\/ernestturc","https:\/\/www.youtube.com\/channel\/UCH3ntWhy3mdcqw9-xF6pmEQ"]}]}},"_links":{"self":[{"href":"https:\/\/www.ernest-turc.com\/boutique\/wp-json\/wp\/v2\/pages\/1580","targetHints":{"allow":["GET"]}}],"collection":[{"href":"https:\/\/www.ernest-turc.com\/boutique\/wp-json\/wp\/v2\/pages"}],"about":[{"href":"https:\/\/www.ernest-turc.com\/boutique\/wp-json\/wp\/v2\/types\/page"}],"author":[{"embeddable":true,"href":"https:\/\/www.ernest-turc.com\/boutique\/wp-json\/wp\/v2\/users\/2"}],"replies":[{"embeddable":true,"href":"https:\/\/www.ernest-turc.com\/boutique\/wp-json\/wp\/v2\/comments?post=1580"}],"version-history":[{"count":5,"href":"https:\/\/www.ernest-turc.com\/boutique\/wp-json\/wp\/v2\/pages\/1580\/revisions"}],"predecessor-version":[{"id":34223,"href":"https:\/\/www.ernest-turc.com\/boutique\/wp-json\/wp\/v2\/pages\/1580\/revisions\/34223"}],"wp:attachment":[{"href":"https:\/\/www.ernest-turc.com\/boutique\/wp-json\/wp\/v2\/media?parent=1580"}],"curies":[{"name":"wp","href":"https:\/\/api.w.org\/{rel}","templated":true}]}}